{"id":1579,"date":"2015-06-02T09:36:43","date_gmt":"2015-06-02T09:36:43","guid":{"rendered":"https:\/\/www.salernocentro.it\/en\/?page_id=1579"},"modified":"2015-06-02T09:51:12","modified_gmt":"2015-06-02T09:51:12","slug":"informativa-privacy","status":"publish","type":"page","link":"https:\/\/www.salernocentro.it\/it\/informativa-privacy\/","title":{"rendered":"Informativa Privacy"},"content":{"rendered":"<p><\/p>\n<h2><strong>Informativa Privacy<\/strong><\/h2>\n<p>&nbsp;<\/p>\n<p><strong>Perch\u00e9 questo avviso<\/strong><\/p>\n<p>La tua privacy \u00e8 molto importante, quindi in questa pagina troverai tutti i dettagli sulle modalit\u00e0 con cui saranno trattati i tuoi dati personali.<\/p>\n<p>In particolare, ci\u00f2 che trovi scritto di seguito rappresenta la Privacy Policy del sito salernocentro.it redatta ai sensi dell\u2019<a href=\"http:\/\/www.garanteprivacy.it\/garante\/doc.jsp?ID=1311248#art_13\" target=\"_blank\">art. 13 del D.Lgs 196\/2003 \u2013 Codice in Materia di Protezione dei Dati Personali<\/a>.<\/p>\n<p>Questa informativa \u00e8 valida solo per il sito salernocentro.it e non anche per altri siti web eventualmente consultati dall\u2019utente tramite link (anche esterni e in alcun modo collegabili a questo sito).<\/p>\n<p>Per ulteriori chiarimenti riguardo i contenuti o sul trattamento dei dati personali all\u2019interno di questo sito web, non esitare a contattarmi tramite la pagina \u201dContatti, Come Raggiungerci\u201d, oppure scrivendo un\u2019email all\u2019indirizzo info@salernocentro.it<\/p>\n<p>&nbsp;<\/p>\n<p><strong>Titolare del Trattamento<\/strong><\/p>\n<p>Il titolare del trattamento dei dati delle persone identificate o identificabili consultando questo sito web \u00e8 Francesco Manzo residente in Piazza Sedile di Portanova, 10 &#8211; Salerno.<\/p>\n<p>&nbsp;<\/p>\n<p><strong>Dati di Navigazione<\/strong><\/p>\n<p>Il trattamento dei dati avviene mediante strumenti idonei a garantire la sicurezza e la riservatezza a norma di legge con accesso controllato e limitato a soggetti autorizzati.<\/p>\n<p>Si tratta di informazioni che non sono raccolte per essere associate a interessati identificati, ma che per loro stessa natura potrebbero, attraverso elaborazioni ed associazioni con dati detenuti da terzi, permettere di identificare gli utenti.<\/p>\n<p>Questi dati vengono utilizzati al solo fine di ricavare informazioni statistiche anonime sull\u2019uso del sito e per controllarne il corretto funzionamento e vengono cancellati immediatamente dopo l\u2019elaborazione.<\/p>\n<p>I dati potrebbero essere utilizzati per l\u2019accertamento di responsabilit\u00e0 in caso di ipotetici reati informatici ai danni del sito: salva questa eventualit\u00e0, allo stato i dati sui contatti web non persistono per pi\u00f9 di sette giorni.<\/p>\n<p>&nbsp;<\/p>\n<p><strong>Uso dei Cookies<\/strong><\/p>\n<p>Non viene fatto uso di cookies per la trasmissione di informazioni di carattere personale, n\u00e9 vengono utilizzati c.d. cookies persistenti di alcun tipo, ovvero sistemi per il tracciamento degli utenti.<\/p>\n<p>L\u2019uso di c.d. cookies di sessione (che non vengono memorizzati in modo persistente sul computer dell\u2019utente e svaniscono con la chiusura del browser) \u00e8 strettamente limitato alla trasmissione di identificativi di sessione (costituiti da numeri casuali generati dal server) necessari per consentire l\u2019esplorazione sicura ed efficiente del sito.<\/p>\n<p>I c.d. cookies di sessione utilizzati in questo sito evitano il ricorso ad altre tecniche informatiche potenzialmente pregiudizievoli per la riservatezza della navigazione degli utenti e non consentono l\u2019acquisizione di dati personali identificativi dell\u2019utente.<\/p>\n<p><strong>Riservatezza delle Informazioni<\/strong><\/p>\n<p>L\u2019eventuale comunicazione a terzi o diffusione dei tuoi dati personali non potr\u00e0 essere effettuata senza la tua previa manifestazione del consenso. Francesco Manzo non diffonder\u00e0, n\u00e9 altrimenti comunicher\u00e0 a terzi i tuoi dati personali.<\/p>\n<p>Ciononostante, tali dati potrebbero occasionalmente essere trasferiti a terzi che agiscono per nome e per conto di Francesco Manzo o in connessione con le attivit\u00e0 commerciali dello stesso, al fine di eseguire gli ulteriori trattamenti in conformit\u00e0 agli scopi per i quali i dati sono stati originariamente raccolti.<\/p>\n<p>Laddove la comunicazione a terzi dei dati personali sia probabile o necessaria per qualsiasi motivo, Francesco Manzo far\u00e0 in modo che tale comunicazione e l\u2019utilizzo previsto dei dati siano chiaramente esplicitati ai fini di una corretta espressione del consenso.<\/p>\n<p>&nbsp;<\/p>\n<p><strong>Modalit\u00e0 del Trattamento<\/strong><\/p>\n<p>I dati personali sono trattati con strumenti automatizzati e non per il tempo strettamente necessario a conseguire gli scopi per cui sono stati raccolti. Specifiche misure di sicurezza sono osservate per prevenire la perdita dei dati, usi illeciti o non corretti ed accessi non autorizzati.<\/p>\n<p>I dati saranno conservati in un database a cui ha accesso solo Marcello Cosa per i tempi prescritti dalla normativa vigente.<\/p>\n<p>&nbsp;<\/p>\n<p><strong>Diritti degli Interessati<\/strong><\/p>\n<p>I soggetti cui si riferiscono i dati personali potranno esercitare i diritti di cui all\u2019<a href=\"http:\/\/www.garanteprivacy.it\/garante\/doc.jsp?ID=1311248#art_7\" target=\"_blank\">art. 7 del D.Lgs 196\/2003<\/a> rivolgendosi a Francesco Manzo presso l\u2019indirizzo sopra indicato.<\/p>\n<p>Gli interessati hanno il diritto di ottenere in qualunque momento la conferma dell\u2019esistenza o meno dei dati che, di conoscerne il contenuto e l\u2019origine, verificarne l\u2019esattezza o chiederne l\u2019integrazione o l\u2019aggiornamento, oppure la rettificazione.<\/p>\n<p>Ai sensi del medesimo articolo, gli interessati hanno il diritto di chiedere la cancellazione, la trasformazione in forma anonima o il blocco dei dati trattati in violazione di legge, nonch\u00e9 di opporsi in ogni caso, per motivi legittimi, al loro trattamento.<\/p>","protected":false},"excerpt":{"rendered":"<p>Informativa Privacy &nbsp; Perch\u00e9 questo avviso La tua privacy \u00e8 molto importante, quindi in questa pagina troverai tutti i dettagli sulle modalit\u00e0 con cui saranno trattati i tuoi dati personali. In particolare, ci\u00f2 che trovi scritto di seguito rappresenta la Privacy Policy del sito salernocentro.it redatta ai sensi dell\u2019art. 13 del D.Lgs 196\/2003 \u2013 Codice [&hellip;]<\/p>\n","protected":false},"author":1,"featured_media":0,"parent":0,"menu_order":0,"comment_status":"closed","ping_status":"open","template":"","meta":{"footnotes":""},"class_list":["post-1579","page","type-page","status-publish","hentry"],"_links":{"self":[{"href":"https:\/\/www.salernocentro.it\/it\/wp-json\/wp\/v2\/pages\/1579","targetHints":{"allow":["GET"]}}],"collection":[{"href":"https:\/\/www.salernocentro.it\/it\/wp-json\/wp\/v2\/pages"}],"about":[{"href":"https:\/\/www.salernocentro.it\/it\/wp-json\/wp\/v2\/types\/page"}],"author":[{"embeddable":true,"href":"https:\/\/www.salernocentro.it\/it\/wp-json\/wp\/v2\/users\/1"}],"replies":[{"embeddable":true,"href":"https:\/\/www.salernocentro.it\/it\/wp-json\/wp\/v2\/comments?post=1579"}],"version-history":[{"count":3,"href":"https:\/\/www.salernocentro.it\/it\/wp-json\/wp\/v2\/pages\/1579\/revisions"}],"predecessor-version":[{"id":1581,"href":"https:\/\/www.salernocentro.it\/it\/wp-json\/wp\/v2\/pages\/1579\/revisions\/1581"}],"wp:attachment":[{"href":"https:\/\/www.salernocentro.it\/it\/wp-json\/wp\/v2\/media?parent=1579"}],"curies":[{"name":"wp","href":"https:\/\/api.w.org\/{rel}","templated":true}]}}